{"id":6144,"date":"2021-03-09T08:15:17","date_gmt":"2021-03-09T08:15:17","guid":{"rendered":"https:\/\/nicoletcz.cz\/solutions\/security-forces\/the-methanol-affair\/"},"modified":"2021-03-09T08:15:22","modified_gmt":"2021-03-09T08:15:22","slug":"the-methanol-affair","status":"publish","type":"page","link":"https:\/\/nicoletcz.cz\/en\/solutions\/security-forces\/the-methanol-affair\/","title":{"rendered":"The methanol affair"},"content":{"rendered":"\t\t<div data-elementor-type=\"wp-page\" data-elementor-id=\"6144\" class=\"elementor elementor-6144 elementor-5588\" data-elementor-post-type=\"page\">\n\t\t\t\t\t\t<section class=\"elementor-section elementor-top-section elementor-element elementor-element-d7bdbe1 elementor-section-boxed elementor-section-height-default elementor-section-height-default\" data-id=\"d7bdbe1\" data-element_type=\"section\">\n\t\t\t\t\t\t<div class=\"elementor-container elementor-column-gap-default\">\n\t\t\t\t\t<div class=\"elementor-column elementor-col-100 elementor-top-column elementor-element elementor-element-7386803\" data-id=\"7386803\" data-element_type=\"column\">\n\t\t\t<div class=\"elementor-widget-wrap elementor-element-populated\">\n\t\t\t\t\t\t<div class=\"elementor-element elementor-element-a49d011 elementor-widget elementor-widget-heading\" data-id=\"a49d011\" data-element_type=\"widget\" data-widget_type=\"heading.default\">\n\t\t\t\t<div class=\"elementor-widget-container\">\n\t\t\t\t\t<h2 class=\"elementor-heading-title elementor-size-default\">Methanol affair: determination of methanol content in alcoholic beverages<\/h2>\t\t\t\t<\/div>\n\t\t\t\t<\/div>\n\t\t\t\t\t<\/div>\n\t\t<\/div>\n\t\t\t\t\t<\/div>\n\t\t<\/section>\n\t\t\t\t<section class=\"elementor-section elementor-top-section elementor-element elementor-element-4f4536f elementor-section-boxed elementor-section-height-default elementor-section-height-default\" data-id=\"4f4536f\" data-element_type=\"section\">\n\t\t\t\t\t\t<div class=\"elementor-container elementor-column-gap-default\">\n\t\t\t\t\t<div class=\"elementor-column elementor-col-100 elementor-top-column elementor-element elementor-element-3dabb34\" data-id=\"3dabb34\" data-element_type=\"column\">\n\t\t\t<div class=\"elementor-widget-wrap elementor-element-populated\">\n\t\t\t\t\t\t<div class=\"elementor-element elementor-element-c2aaac3 elementor-widget elementor-widget-eael-adv-tabs\" data-id=\"c2aaac3\" data-element_type=\"widget\" data-widget_type=\"eael-adv-tabs.default\">\n\t\t\t\t<div class=\"elementor-widget-container\">\n\t\t\t\t\t        <div data-scroll-on-click=\"no\" data-scroll-speed=\"300\" id=\"eael-advance-tabs-c2aaac3\" class=\"eael-advance-tabs eael-tabs-horizontal eael-tab-auto-active  active-caret-on responsive-vertical-layout\" data-tabid=\"c2aaac3\">\n            <div class=\"eael-tabs-nav\">\n                <ul class=\"\" role=\"tablist\">\n                                            <li id=\"application-description\" class=\"inactive eael-tab-item-trigger eael-tab-nav-item\" aria-selected=\"true\" data-tab=\"1\" role=\"tab\" tabindex=\"0\" aria-controls=\"application-description-tab\" aria-expanded=\"false\">\n                            \n                            \n                            \n                                                            <span class=\"eael-tab-title title-after-icon\" >Application description<\/span>                                                    <\/li>\n                                            <li id=\"raman-spectroscopy\" class=\"inactive eael-tab-item-trigger eael-tab-nav-item\" aria-selected=\"false\" data-tab=\"2\" role=\"tab\" tabindex=\"-1\" aria-controls=\"raman-spectroscopy-tab\" aria-expanded=\"false\">\n                            \n                            \n                            \n                                                            <span class=\"eael-tab-title title-after-icon\" >Raman spectroscopy<\/span>                                                    <\/li>\n                                            <li id=\"ft-ir-spectroscopy\" class=\"inactive eael-tab-item-trigger eael-tab-nav-item\" aria-selected=\"false\" data-tab=\"3\" role=\"tab\" tabindex=\"-1\" aria-controls=\"ft-ir-spectroscopy-tab\" aria-expanded=\"false\">\n                            \n                            \n                            \n                                                            <span class=\"eael-tab-title title-after-icon\" >FT-IR spectroscopy<\/span>                                                    <\/li>\n                                    <\/ul>\n            <\/div>\n            \n            <div class=\"eael-tabs-content\">\n\t\t        \n                    <div id=\"application-description-tab\" class=\"clearfix eael-tab-content-item inactive\" data-title-link=\"application-description-tab\">\n\t\t\t\t        <p><img decoding=\"async\" class=\"alignright wp-image-5592 size-medium\" src=\"https:\/\/nicoletcz.cz\/app\/uploads\/2021\/02\/3fdad51b-137x300.jpg\" alt=\"\" width=\"137\" height=\"300\" srcset=\"https:\/\/nicoletcz.cz\/app\/uploads\/2021\/02\/3fdad51b-137x300.jpg 137w, https:\/\/nicoletcz.cz\/app\/uploads\/2021\/02\/3fdad51b-469x1024.jpg 469w, https:\/\/nicoletcz.cz\/app\/uploads\/2021\/02\/3fdad51b-768x1677.jpg 768w, https:\/\/nicoletcz.cz\/app\/uploads\/2021\/02\/3fdad51b-703x1536.jpg 703w, https:\/\/nicoletcz.cz\/app\/uploads\/2021\/02\/3fdad51b.jpg 800w\" sizes=\"(max-width: 137px) 100vw, 137px\" \/>We have successfully participated in solving the problem of methanol in alcoholic beverages using Raman spectroscopy and FT-IR ATR spectroscopy.<\/p>\n<p>You can find more information on <a href=\"http:\/\/www.novinky.cz\/domaci\/280592-metanol-rozpoznaji-vedci-i-v-zavrene-lahvi-test-netrva-ani-tri-minuty.html\" target=\"_blank\" rel=\"noopener noreferrer\">Novinky.cz<\/a> and <a href=\"http:\/\/ostrava.idnes.cz\/dalsi-obet-metanolu-04e-\/ostrava-zpravy.aspx?c=A130406_081305_domaci_maq\" target=\"_blank\" rel=\"noopener noreferrer\">IDnes<\/a>. Or <a href=\"http:\/\/www.spectroscopyonline.com\/identification-and-quantification-methanol-contaminated-spirits\" target=\"_blank\" rel=\"noopener noreferrer\">here<\/a>.<\/p>\n<p>If you are interested, we will send you an interesting detailed lecture: DETERMINATION OF METHANOL IN SPIRIT DRINKS BY METHODS OF MOLECULAR SPECTROMETRY.<\/p>\n                    <\/div>\n\t\t        \n                    <div id=\"raman-spectroscopy-tab\" class=\"clearfix eael-tab-content-item inactive\" data-title-link=\"raman-spectroscopy-tab\">\n\t\t\t\t        <style>@media(max-width:1024px){.elementor-6769 .elementor-element.elementor-element-8179397 .dce-post-item{padding:0px 0px 20px 0px;}}@media(max-width:767px){.elementor-6769 .elementor-element.elementor-element-8179397 .dce-post-item{padding:0px 0px 15px 0px;}}<\/style>\t\t<div data-elementor-type=\"section\" data-elementor-id=\"6769\" class=\"elementor elementor-6769 elementor-4972\" data-elementor-post-type=\"elementor_library\">\n\t\t\t\t\t<section class=\"elementor-section elementor-top-section elementor-element elementor-element-aa1571b elementor-section-boxed elementor-section-height-default elementor-section-height-default\" data-id=\"aa1571b\" data-element_type=\"section\">\n\t\t\t\t\t\t<div class=\"elementor-container elementor-column-gap-no\">\n\t\t\t\t\t<div class=\"elementor-column elementor-col-100 elementor-top-column elementor-element elementor-element-4f9ab22\" data-id=\"4f9ab22\" data-element_type=\"column\">\n\t\t\t<div class=\"elementor-widget-wrap elementor-element-populated\">\n\t\t\t\t\t\t<div class=\"dce-fix-background-loop elementor-element elementor-element-8179397 templatemode-yes elementor-widget elementor-widget-dyncontel-acfposts\" data-id=\"8179397\" data-element_type=\"widget\" data-widget_type=\"dyncontel-acfposts.default\">\n\t\t\t\t<div class=\"elementor-widget-container\">\n\t\t\t\t\t\t\t\t<div class=\"acfposts-grid dce-posts-wrap simple-style\" data-style=\"simple\">\n\n\t\t\t\t\n\t\t\t\t\t<div data-dce-post-id=\"6668\" class=\"dce-post-item dce-post-item-6668 dce-elementor-6668 elementor-1453 column-  \">\n\n\t\t\t\t\t\t\n\t\t\t\t\t\t<div class=\"dce-wrapper \">\n\n\t\t\t\t\t\t\t\t\t<div data-elementor-type=\"single-post\" data-elementor-id=\"6765\" class=\"elementor elementor-6765 dce-elementor-rendering-id-1 elementor-4983\" data-elementor-post-type=\"elementor_library\">\n\t\t\t\t\t<section class=\"elementor-section elementor-top-section elementor-element elementor-element-2bad051 elementor-section-boxed elementor-section-height-default elementor-section-height-default\" data-id=\"2bad051\" data-element_type=\"section\">\n\t\t\t\t\t\t<div class=\"elementor-container elementor-column-gap-no\">\n\t\t\t\t\t<div class=\"elementor-column elementor-col-100 elementor-top-column elementor-element elementor-element-0824a49\" data-id=\"0824a49\" data-element_type=\"column\">\n\t\t\t<div class=\"elementor-widget-wrap elementor-element-populated\">\n\t\t\t\t\t\t<section class=\"elementor-section elementor-inner-section elementor-element elementor-element-34b4766 elementor-section-boxed elementor-section-height-default elementor-section-height-default\" data-id=\"34b4766\" data-element_type=\"section\" data-settings=\"{&quot;background_background&quot;:&quot;classic&quot;}\">\n\t\t\t\t\t\t<div class=\"elementor-container elementor-column-gap-default\">\n\t\t\t\t\t<div class=\"elementor-column elementor-col-50 elementor-inner-column elementor-element elementor-element-699df8e\" data-id=\"699df8e\" data-element_type=\"column\">\n\t\t\t<div class=\"elementor-widget-wrap elementor-element-populated\">\n\t\t\t\t\t\t<div class=\"elementor-element elementor-element-fd1a7f1 dce_masking-none elementor-widget elementor-widget-image\" data-id=\"fd1a7f1\" data-element_type=\"widget\" data-widget_type=\"image.default\">\n\t\t\t\t<div class=\"elementor-widget-container\">\n\t\t\t\t\t\t\t\t\t\t\t\t\t\t\t\t<a href=\"https:\/\/nicoletcz.cz\/en\/product\/dxr3-smart\/\">\n\t\t\t\t\t\t\t<img decoding=\"async\" src=\"https:\/\/nicoletcz.cz\/app\/uploads\/elementor\/thumbs\/0d0787d2-pv2c0qe4j5zhfeun8dqxotxq9mz280yqshanxr6htk.jpg\" title=\"Bez na\u0301zvu-1\" alt=\"Raman\u016fv mikroskop DXR3xi\" loading=\"lazy\" \/>\t\t\t\t\t\t\t\t<\/a>\n\t\t\t\t\t\t\t\t\t\t\t\t\t\t\t<\/div>\n\t\t\t\t<\/div>\n\t\t\t\t\t<\/div>\n\t\t<\/div>\n\t\t\t\t<div class=\"elementor-column elementor-col-50 elementor-inner-column elementor-element elementor-element-88ad3bd\" data-id=\"88ad3bd\" data-element_type=\"column\">\n\t\t\t<div class=\"elementor-widget-wrap elementor-element-populated\">\n\t\t\t\t\t\t<div class=\"elementor-element elementor-element-d504789 elementor-widget elementor-widget-heading\" data-id=\"d504789\" data-element_type=\"widget\" data-widget_type=\"heading.default\">\n\t\t\t\t<div class=\"elementor-widget-container\">\n\t\t\t\t\t<h2 class=\"elementor-heading-title elementor-size-default\"><a href=\"https:\/\/nicoletcz.cz\/en\/product\/dxr3-smart\/\">DXR3 SmartRaman<\/a><\/h2>\t\t\t\t<\/div>\n\t\t\t\t<\/div>\n\t\t\t\t<div class=\"elementor-element elementor-element-11ea6dc elementor-widget elementor-widget-text-editor\" data-id=\"11ea6dc\" data-element_type=\"widget\" data-widget_type=\"text-editor.default\">\n\t\t\t\t<div class=\"elementor-widget-container\">\n\t\t\t\t\t\t\t\t\tDisperzn\u00ed Raman\u016fv spektrometr Nicolet DXR3 SmartRaman je p\u0159\u00edstroj ur\u010den\u00fd pro v\u0161echny aplikace vy\u017eaduj\u00edc\u00ed jednoduchost p\u0159\u00edpravy vzork\u016f a vyu\u017eit\u00ed v\u0161ech siln\u00fdch str\u00e1nek Ramanovy spektroskopie.\t\t\t\t\t\t\t\t<\/div>\n\t\t\t\t<\/div>\n\t\t\t\t\t<\/div>\n\t\t<\/div>\n\t\t\t\t\t<\/div>\n\t\t<\/section>\n\t\t\t\t\t<\/div>\n\t\t<\/div>\n\t\t\t\t\t<\/div>\n\t\t<\/section>\n\t\t\t\t<\/div>\n\t\t\t\t\t\t\t\t<\/div><!-- end wrapper -->\n\n\t\t\t\t\t<\/div><!-- end item -->\n\n\t\t\t\t\t\n\t\t\t<\/div><!-- end grid -->\n\n\t\t\t\n\t\t\t\t\t\t\t<\/div>\n\t\t\t\t<\/div>\n\t\t\t\t\t<\/div>\n\t\t<\/div>\n\t\t\t\t\t<\/div>\n\t\t<\/section>\n\t\t\t\t<\/div>\n\t\t                    <\/div>\n\t\t        \n                    <div id=\"ft-ir-spectroscopy-tab\" class=\"clearfix eael-tab-content-item inactive\" data-title-link=\"ft-ir-spectroscopy-tab\">\n\t\t\t\t        <style>@media(max-width:1024px){.elementor-6756 .elementor-element.elementor-element-43f4b2a9 .dce-post-item{padding:0px 0px 20px 0px;}}@media(max-width:767px){.elementor-6756 .elementor-element.elementor-element-43f4b2a9 .dce-post-item{padding:0px 0px 15px 0px;}}<\/style>\t\t<div data-elementor-type=\"section\" data-elementor-id=\"6756\" class=\"elementor elementor-6756 elementor-5032\" data-elementor-post-type=\"elementor_library\">\n\t\t\t\t\t<section class=\"elementor-section elementor-top-section elementor-element elementor-element-66c51c3 elementor-section-boxed elementor-section-height-default elementor-section-height-default\" data-id=\"66c51c3\" data-element_type=\"section\">\n\t\t\t\t\t\t<div class=\"elementor-container elementor-column-gap-no\">\n\t\t\t\t\t<div class=\"elementor-column elementor-col-100 elementor-top-column elementor-element elementor-element-34ebf637\" data-id=\"34ebf637\" data-element_type=\"column\">\n\t\t\t<div class=\"elementor-widget-wrap elementor-element-populated\">\n\t\t\t\t\t\t\t<\/div>\n\t\t<\/div>\n\t\t\t\t\t<\/div>\n\t\t<\/section>\n\t\t\t\t<\/div>\n\t\t                    <\/div>\n\t\t                    <\/div>\n        <\/div>\n\t\t\t\t<\/div>\n\t\t\t\t<\/div>\n\t\t\t\t\t<\/div>\n\t\t<\/div>\n\t\t\t\t\t<\/div>\n\t\t<\/section>\n\t\t\t\t<\/div>\n\t\t","protected":false},"excerpt":{"rendered":"<p>Methanol affair: determination of methanol content in alcoholic beverages Application description Raman spectroscopy FT-IR spectroscopy We have successfully participated in solving the problem of methanol in alcoholic beverages using Raman spectroscopy and FT-IR ATR spectroscopy. You can find more information on Novinky.cz and IDnes. Or here. If you are interested, we will send you an [&hellip;]<\/p>\n","protected":false},"author":2,"featured_media":6106,"parent":3037,"menu_order":0,"comment_status":"closed","ping_status":"closed","template":"","meta":{"footnotes":""},"class_list":["post-6144","page","type-page","status-publish","has-post-thumbnail","hentry"],"yoast_head":"<!-- This site is optimized with the Yoast SEO plugin v26.8 - https:\/\/yoast.com\/product\/yoast-seo-wordpress\/ -->\n<title>The methanol affair - NicoletCZ<\/title>\n<meta name=\"robots\" content=\"index, follow, max-snippet:-1, max-image-preview:large, max-video-preview:-1\" \/>\n<link rel=\"canonical\" href=\"https:\/\/nicoletcz.cz\/en\/solutions\/security-forces\/the-methanol-affair\/\" \/>\n<meta property=\"og:locale\" content=\"en_US\" \/>\n<meta property=\"og:type\" content=\"article\" \/>\n<meta property=\"og:title\" content=\"The methanol affair - NicoletCZ\" \/>\n<meta property=\"og:description\" content=\"Methanol affair: determination of methanol content in alcoholic beverages Application description Raman spectroscopy FT-IR spectroscopy We have successfully participated in solving the problem of methanol in alcoholic beverages using Raman spectroscopy and FT-IR ATR spectroscopy. You can find more information on Novinky.cz and IDnes. Or here. If you are interested, we will send you an [&hellip;]\" \/>\n<meta property=\"og:url\" content=\"https:\/\/nicoletcz.cz\/en\/solutions\/security-forces\/the-methanol-affair\/\" \/>\n<meta property=\"og:site_name\" content=\"NicoletCZ\" \/>\n<meta property=\"article:modified_time\" content=\"2021-03-09T08:15:22+00:00\" \/>\n<meta property=\"og:image\" content=\"https:\/\/nicoletcz.cz\/app\/uploads\/2021\/02\/04d142ce.jpg\" \/>\n\t<meta property=\"og:image:width\" content=\"1024\" \/>\n\t<meta property=\"og:image:height\" content=\"768\" \/>\n\t<meta property=\"og:image:type\" content=\"image\/jpeg\" \/>\n<meta name=\"twitter:card\" content=\"summary_large_image\" \/>\n<script type=\"application\/ld+json\" class=\"yoast-schema-graph\">{\"@context\":\"https:\/\/schema.org\",\"@graph\":[{\"@type\":\"WebPage\",\"@id\":\"https:\/\/nicoletcz.cz\/en\/solutions\/security-forces\/the-methanol-affair\/\",\"url\":\"https:\/\/nicoletcz.cz\/en\/solutions\/security-forces\/the-methanol-affair\/\",\"name\":\"The methanol affair - NicoletCZ\",\"isPartOf\":{\"@id\":\"https:\/\/nicoletcz.cz\/#website\"},\"primaryImageOfPage\":{\"@id\":\"https:\/\/nicoletcz.cz\/en\/solutions\/security-forces\/the-methanol-affair\/#primaryimage\"},\"image\":{\"@id\":\"https:\/\/nicoletcz.cz\/en\/solutions\/security-forces\/the-methanol-affair\/#primaryimage\"},\"thumbnailUrl\":\"https:\/\/nicoletcz.cz\/app\/uploads\/2021\/02\/04d142ce.jpg\",\"datePublished\":\"2021-03-09T08:15:17+00:00\",\"dateModified\":\"2021-03-09T08:15:22+00:00\",\"breadcrumb\":{\"@id\":\"https:\/\/nicoletcz.cz\/en\/solutions\/security-forces\/the-methanol-affair\/#breadcrumb\"},\"inLanguage\":\"en-US\",\"potentialAction\":[{\"@type\":\"ReadAction\",\"target\":[\"https:\/\/nicoletcz.cz\/en\/solutions\/security-forces\/the-methanol-affair\/\"]}]},{\"@type\":\"ImageObject\",\"inLanguage\":\"en-US\",\"@id\":\"https:\/\/nicoletcz.cz\/en\/solutions\/security-forces\/the-methanol-affair\/#primaryimage\",\"url\":\"https:\/\/nicoletcz.cz\/app\/uploads\/2021\/02\/04d142ce.jpg\",\"contentUrl\":\"https:\/\/nicoletcz.cz\/app\/uploads\/2021\/02\/04d142ce.jpg\",\"width\":1024,\"height\":768},{\"@type\":\"BreadcrumbList\",\"@id\":\"https:\/\/nicoletcz.cz\/en\/solutions\/security-forces\/the-methanol-affair\/#breadcrumb\",\"itemListElement\":[{\"@type\":\"ListItem\",\"position\":1,\"name\":\"Dom\u016f\",\"item\":\"https:\/\/nicoletcz.cz\/en\/main-page\/\"},{\"@type\":\"ListItem\",\"position\":2,\"name\":\"Applications\",\"item\":\"https:\/\/nicoletcz.cz\/en\/solutions\/\"},{\"@type\":\"ListItem\",\"position\":3,\"name\":\"Security forces\",\"item\":\"https:\/\/nicoletcz.cz\/en\/solutions\/security-forces\/\"},{\"@type\":\"ListItem\",\"position\":4,\"name\":\"The methanol affair\"}]},{\"@type\":\"WebSite\",\"@id\":\"https:\/\/nicoletcz.cz\/#website\",\"url\":\"https:\/\/nicoletcz.cz\/\",\"name\":\"NicoletCZ\",\"description\":\"Molekulov\u00e1 spektroskopie\",\"publisher\":{\"@id\":\"https:\/\/nicoletcz.cz\/#organization\"},\"potentialAction\":[{\"@type\":\"SearchAction\",\"target\":{\"@type\":\"EntryPoint\",\"urlTemplate\":\"https:\/\/nicoletcz.cz\/?s={search_term_string}\"},\"query-input\":{\"@type\":\"PropertyValueSpecification\",\"valueRequired\":true,\"valueName\":\"search_term_string\"}}],\"inLanguage\":\"en-US\"},{\"@type\":\"Organization\",\"@id\":\"https:\/\/nicoletcz.cz\/#organization\",\"name\":\"NicoletCZ\",\"url\":\"https:\/\/nicoletcz.cz\/\",\"logo\":{\"@type\":\"ImageObject\",\"inLanguage\":\"en-US\",\"@id\":\"https:\/\/nicoletcz.cz\/#\/schema\/logo\/image\/\",\"url\":\"https:\/\/nicoletcz.cz\/app\/uploads\/2021\/01\/4b6cb9bb.svg\",\"contentUrl\":\"https:\/\/nicoletcz.cz\/app\/uploads\/2021\/01\/4b6cb9bb.svg\",\"width\":180,\"height\":34,\"caption\":\"NicoletCZ\"},\"image\":{\"@id\":\"https:\/\/nicoletcz.cz\/#\/schema\/logo\/image\/\"}}]}<\/script>\n<!-- \/ Yoast SEO plugin. -->","yoast_head_json":{"title":"The methanol affair - NicoletCZ","robots":{"index":"index","follow":"follow","max-snippet":"max-snippet:-1","max-image-preview":"max-image-preview:large","max-video-preview":"max-video-preview:-1"},"canonical":"https:\/\/nicoletcz.cz\/en\/solutions\/security-forces\/the-methanol-affair\/","og_locale":"en_US","og_type":"article","og_title":"The methanol affair - NicoletCZ","og_description":"Methanol affair: determination of methanol content in alcoholic beverages Application description Raman spectroscopy FT-IR spectroscopy We have successfully participated in solving the problem of methanol in alcoholic beverages using Raman spectroscopy and FT-IR ATR spectroscopy. You can find more information on Novinky.cz and IDnes. Or here. If you are interested, we will send you an [&hellip;]","og_url":"https:\/\/nicoletcz.cz\/en\/solutions\/security-forces\/the-methanol-affair\/","og_site_name":"NicoletCZ","article_modified_time":"2021-03-09T08:15:22+00:00","og_image":[{"width":1024,"height":768,"url":"https:\/\/nicoletcz.cz\/app\/uploads\/2021\/02\/04d142ce.jpg","type":"image\/jpeg"}],"twitter_card":"summary_large_image","schema":{"@context":"https:\/\/schema.org","@graph":[{"@type":"WebPage","@id":"https:\/\/nicoletcz.cz\/en\/solutions\/security-forces\/the-methanol-affair\/","url":"https:\/\/nicoletcz.cz\/en\/solutions\/security-forces\/the-methanol-affair\/","name":"The methanol affair - NicoletCZ","isPartOf":{"@id":"https:\/\/nicoletcz.cz\/#website"},"primaryImageOfPage":{"@id":"https:\/\/nicoletcz.cz\/en\/solutions\/security-forces\/the-methanol-affair\/#primaryimage"},"image":{"@id":"https:\/\/nicoletcz.cz\/en\/solutions\/security-forces\/the-methanol-affair\/#primaryimage"},"thumbnailUrl":"https:\/\/nicoletcz.cz\/app\/uploads\/2021\/02\/04d142ce.jpg","datePublished":"2021-03-09T08:15:17+00:00","dateModified":"2021-03-09T08:15:22+00:00","breadcrumb":{"@id":"https:\/\/nicoletcz.cz\/en\/solutions\/security-forces\/the-methanol-affair\/#breadcrumb"},"inLanguage":"en-US","potentialAction":[{"@type":"ReadAction","target":["https:\/\/nicoletcz.cz\/en\/solutions\/security-forces\/the-methanol-affair\/"]}]},{"@type":"ImageObject","inLanguage":"en-US","@id":"https:\/\/nicoletcz.cz\/en\/solutions\/security-forces\/the-methanol-affair\/#primaryimage","url":"https:\/\/nicoletcz.cz\/app\/uploads\/2021\/02\/04d142ce.jpg","contentUrl":"https:\/\/nicoletcz.cz\/app\/uploads\/2021\/02\/04d142ce.jpg","width":1024,"height":768},{"@type":"BreadcrumbList","@id":"https:\/\/nicoletcz.cz\/en\/solutions\/security-forces\/the-methanol-affair\/#breadcrumb","itemListElement":[{"@type":"ListItem","position":1,"name":"Dom\u016f","item":"https:\/\/nicoletcz.cz\/en\/main-page\/"},{"@type":"ListItem","position":2,"name":"Applications","item":"https:\/\/nicoletcz.cz\/en\/solutions\/"},{"@type":"ListItem","position":3,"name":"Security forces","item":"https:\/\/nicoletcz.cz\/en\/solutions\/security-forces\/"},{"@type":"ListItem","position":4,"name":"The methanol affair"}]},{"@type":"WebSite","@id":"https:\/\/nicoletcz.cz\/#website","url":"https:\/\/nicoletcz.cz\/","name":"NicoletCZ","description":"Molekulov\u00e1 spektroskopie","publisher":{"@id":"https:\/\/nicoletcz.cz\/#organization"},"potentialAction":[{"@type":"SearchAction","target":{"@type":"EntryPoint","urlTemplate":"https:\/\/nicoletcz.cz\/?s={search_term_string}"},"query-input":{"@type":"PropertyValueSpecification","valueRequired":true,"valueName":"search_term_string"}}],"inLanguage":"en-US"},{"@type":"Organization","@id":"https:\/\/nicoletcz.cz\/#organization","name":"NicoletCZ","url":"https:\/\/nicoletcz.cz\/","logo":{"@type":"ImageObject","inLanguage":"en-US","@id":"https:\/\/nicoletcz.cz\/#\/schema\/logo\/image\/","url":"https:\/\/nicoletcz.cz\/app\/uploads\/2021\/01\/4b6cb9bb.svg","contentUrl":"https:\/\/nicoletcz.cz\/app\/uploads\/2021\/01\/4b6cb9bb.svg","width":180,"height":34,"caption":"NicoletCZ"},"image":{"@id":"https:\/\/nicoletcz.cz\/#\/schema\/logo\/image\/"}}]}},"acf":[],"_links":{"self":[{"href":"https:\/\/nicoletcz.cz\/en\/wp-json\/wp\/v2\/pages\/6144","targetHints":{"allow":["GET"]}}],"collection":[{"href":"https:\/\/nicoletcz.cz\/en\/wp-json\/wp\/v2\/pages"}],"about":[{"href":"https:\/\/nicoletcz.cz\/en\/wp-json\/wp\/v2\/types\/page"}],"author":[{"embeddable":true,"href":"https:\/\/nicoletcz.cz\/en\/wp-json\/wp\/v2\/users\/2"}],"replies":[{"embeddable":true,"href":"https:\/\/nicoletcz.cz\/en\/wp-json\/wp\/v2\/comments?post=6144"}],"version-history":[{"count":2,"href":"https:\/\/nicoletcz.cz\/en\/wp-json\/wp\/v2\/pages\/6144\/revisions"}],"predecessor-version":[{"id":6146,"href":"https:\/\/nicoletcz.cz\/en\/wp-json\/wp\/v2\/pages\/6144\/revisions\/6146"}],"up":[{"embeddable":true,"href":"https:\/\/nicoletcz.cz\/en\/wp-json\/wp\/v2\/pages\/3037"}],"wp:featuredmedia":[{"embeddable":true,"href":"https:\/\/nicoletcz.cz\/en\/wp-json\/wp\/v2\/media\/6106"}],"wp:attachment":[{"href":"https:\/\/nicoletcz.cz\/en\/wp-json\/wp\/v2\/media?parent=6144"}],"curies":[{"name":"wp","href":"https:\/\/api.w.org\/{rel}","templated":true}]}}