{"id":4279,"date":"2021-01-31T16:17:54","date_gmt":"2021-01-31T16:17:54","guid":{"rendered":"https:\/\/nicoletcz.cz\/training-and-courses\/user-meetings\/"},"modified":"2022-06-20T11:02:06","modified_gmt":"2022-06-20T11:02:06","slug":"user-meetings","status":"publish","type":"page","link":"https:\/\/nicoletcz.cz\/en\/training-and-courses\/user-meetings\/","title":{"rendered":"User meetings"},"content":{"rendered":"\t\t<div data-elementor-type=\"wp-page\" data-elementor-id=\"4279\" class=\"elementor elementor-4279 elementor-4070\" data-elementor-post-type=\"page\">\n\t\t\t\t\t\t<section class=\"elementor-section elementor-top-section elementor-element elementor-element-8771b81 elementor-section-boxed elementor-section-height-default elementor-section-height-default\" data-id=\"8771b81\" data-element_type=\"section\">\n\t\t\t\t\t\t<div class=\"elementor-container elementor-column-gap-default\">\n\t\t\t\t\t<div class=\"elementor-column elementor-col-100 elementor-top-column elementor-element elementor-element-7f2e6d9\" data-id=\"7f2e6d9\" data-element_type=\"column\">\n\t\t\t<div class=\"elementor-widget-wrap elementor-element-populated\">\n\t\t\t\t\t\t<div class=\"elementor-element elementor-element-20c0a1b elementor-widget elementor-widget-heading\" data-id=\"20c0a1b\" data-element_type=\"widget\" data-widget_type=\"heading.default\">\n\t\t\t\t<div class=\"elementor-widget-container\">\n\t\t\t\t\t<h2 class=\"elementor-heading-title elementor-size-default\">Molecular spectroscopy 2022<\/h2>\t\t\t\t<\/div>\n\t\t\t\t<\/div>\n\t\t\t\t<div class=\"elementor-element elementor-element-83d960f elementor-widget elementor-widget-text-editor\" data-id=\"83d960f\" data-element_type=\"widget\" data-widget_type=\"text-editor.default\">\n\t\t\t\t<div class=\"elementor-widget-container\">\n\t\t\t\t\t\t\t\t\t<p>Date of the seminar: due to the uncertain situation, the seminar is postponed to October 2022, it will take place in the <a href=\"https:\/\/treeoflife.cz\/hotel\" target=\"_blank\" rel=\"noopener noreferrer\">Tree of Life Hotel in L\u00e1zn\u011b B\u011blohrad<\/a> <b>3. &#8211; 5. on the 3rd &#8211; 5th October 2022.<\/b>.<\/p>\n<p>The aim of this meeting is a mutual exchange of experiences in the field of molecular spectrometry, acquaintance with new methods and innovations in instrumentation and software. The conference will also be attended by foreign guests and the main content of the meeting will be your lectures.<\/p>\n<p>For more information contact:&nbsp;<a href=\"mailto:fidlerova@nicoletcz.cz\">fidlerova@nicoletcz.cz<\/a><\/p>\n<p><strong>Deadline for registration: 31th of March 3. 2022<\/strong><\/p>\n<p>Please send an application to reserve sufficient capacity in the hotel, because in recent years there has been great interest in the seminar. We will register applications in the order in which we receive them. Should the capacity of the hotel be filled, participants who apply later will be accommodated in nearby hotels.<\/p>\n<ul>\n<li><a href=\"https:\/\/nicoletcz.cz\/app\/uploads\/2021\/05\/f2aa8d1f.pdf\">Conference 2017 program<\/a> (L\u00e1zn\u011b B\u011blohrad, Tree of Life hotel)<\/li>\n<li><a href=\"https:\/\/nicoletcz.cz\/app\/uploads\/2021\/05\/ec0835d1.pdf\">Conference 2014 program<\/a> (Se\u010d, Jezerka hotel)<\/li>\n<li><a href=\"https:\/\/nicoletcz.cz\/app\/uploads\/2021\/05\/bb5fc026.pdf\">Conference 2011 program<\/a>(Se\u010d, Jezerka hotel)<\/li>\n<li><a href=\"https:\/\/nicoletcz.cz\/app\/uploads\/2021\/05\/e4ec6f93.pdf\">Conference 2008 program<\/a> (Hrotovice)<\/li>\n<\/ul>\n\t\t\t\t\t\t\t\t<\/div>\n\t\t\t\t<\/div>\n\t\t\t\t\t<\/div>\n\t\t<\/div>\n\t\t\t\t\t<\/div>\n\t\t<\/section>\n\t\t\t\t<\/div>\n\t\t","protected":false},"excerpt":{"rendered":"<p>Molecular spectroscopy 2022 Date of the seminar: due to the uncertain situation, the seminar is postponed to October 2022, it will take place in the Tree of Life Hotel in L\u00e1zn\u011b B\u011blohrad 3. &#8211; 5. on the 3rd &#8211; 5th October 2022.. The aim of this meeting is a mutual exchange of experiences in the [&hellip;]<\/p>\n","protected":false},"author":2,"featured_media":0,"parent":4268,"menu_order":0,"comment_status":"closed","ping_status":"closed","template":"","meta":{"footnotes":""},"class_list":["post-4279","page","type-page","status-publish","hentry"],"yoast_head":"<!-- This site is optimized with the Yoast SEO plugin v26.8 - https:\/\/yoast.com\/product\/yoast-seo-wordpress\/ -->\n<title>User meetings - NicoletCZ<\/title>\n<meta name=\"robots\" content=\"index, follow, max-snippet:-1, max-image-preview:large, max-video-preview:-1\" \/>\n<link rel=\"canonical\" href=\"https:\/\/nicoletcz.cz\/en\/training-and-courses\/user-meetings\/\" \/>\n<meta property=\"og:locale\" content=\"en_US\" \/>\n<meta property=\"og:type\" content=\"article\" \/>\n<meta property=\"og:title\" content=\"User meetings - NicoletCZ\" \/>\n<meta property=\"og:description\" content=\"Molecular spectroscopy 2022 Date of the seminar: due to the uncertain situation, the seminar is postponed to October 2022, it will take place in the Tree of Life Hotel in L\u00e1zn\u011b B\u011blohrad 3. &#8211; 5. on the 3rd &#8211; 5th October 2022.. The aim of this meeting is a mutual exchange of experiences in the [&hellip;]\" \/>\n<meta property=\"og:url\" content=\"https:\/\/nicoletcz.cz\/en\/training-and-courses\/user-meetings\/\" \/>\n<meta property=\"og:site_name\" content=\"NicoletCZ\" \/>\n<meta property=\"article:modified_time\" content=\"2022-06-20T11:02:06+00:00\" \/>\n<meta name=\"twitter:card\" content=\"summary_large_image\" \/>\n<meta name=\"twitter:label1\" content=\"Est. reading time\" \/>\n\t<meta name=\"twitter:data1\" content=\"1 minute\" \/>\n<script type=\"application\/ld+json\" class=\"yoast-schema-graph\">{\"@context\":\"https:\/\/schema.org\",\"@graph\":[{\"@type\":\"WebPage\",\"@id\":\"https:\/\/nicoletcz.cz\/en\/training-and-courses\/user-meetings\/\",\"url\":\"https:\/\/nicoletcz.cz\/en\/training-and-courses\/user-meetings\/\",\"name\":\"User meetings - NicoletCZ\",\"isPartOf\":{\"@id\":\"https:\/\/nicoletcz.cz\/#website\"},\"datePublished\":\"2021-01-31T16:17:54+00:00\",\"dateModified\":\"2022-06-20T11:02:06+00:00\",\"breadcrumb\":{\"@id\":\"https:\/\/nicoletcz.cz\/en\/training-and-courses\/user-meetings\/#breadcrumb\"},\"inLanguage\":\"en-US\",\"potentialAction\":[{\"@type\":\"ReadAction\",\"target\":[\"https:\/\/nicoletcz.cz\/en\/training-and-courses\/user-meetings\/\"]}]},{\"@type\":\"BreadcrumbList\",\"@id\":\"https:\/\/nicoletcz.cz\/en\/training-and-courses\/user-meetings\/#breadcrumb\",\"itemListElement\":[{\"@type\":\"ListItem\",\"position\":1,\"name\":\"Dom\u016f\",\"item\":\"https:\/\/nicoletcz.cz\/en\/main-page\/\"},{\"@type\":\"ListItem\",\"position\":2,\"name\":\"Training and courses\",\"item\":\"https:\/\/nicoletcz.cz\/en\/training-and-courses\/\"},{\"@type\":\"ListItem\",\"position\":3,\"name\":\"User meetings\"}]},{\"@type\":\"WebSite\",\"@id\":\"https:\/\/nicoletcz.cz\/#website\",\"url\":\"https:\/\/nicoletcz.cz\/\",\"name\":\"NicoletCZ\",\"description\":\"Molekulov\u00e1 spektroskopie\",\"publisher\":{\"@id\":\"https:\/\/nicoletcz.cz\/#organization\"},\"potentialAction\":[{\"@type\":\"SearchAction\",\"target\":{\"@type\":\"EntryPoint\",\"urlTemplate\":\"https:\/\/nicoletcz.cz\/?s={search_term_string}\"},\"query-input\":{\"@type\":\"PropertyValueSpecification\",\"valueRequired\":true,\"valueName\":\"search_term_string\"}}],\"inLanguage\":\"en-US\"},{\"@type\":\"Organization\",\"@id\":\"https:\/\/nicoletcz.cz\/#organization\",\"name\":\"NicoletCZ\",\"url\":\"https:\/\/nicoletcz.cz\/\",\"logo\":{\"@type\":\"ImageObject\",\"inLanguage\":\"en-US\",\"@id\":\"https:\/\/nicoletcz.cz\/#\/schema\/logo\/image\/\",\"url\":\"https:\/\/nicoletcz.cz\/app\/uploads\/2021\/01\/4b6cb9bb.svg\",\"contentUrl\":\"https:\/\/nicoletcz.cz\/app\/uploads\/2021\/01\/4b6cb9bb.svg\",\"width\":180,\"height\":34,\"caption\":\"NicoletCZ\"},\"image\":{\"@id\":\"https:\/\/nicoletcz.cz\/#\/schema\/logo\/image\/\"}}]}<\/script>\n<!-- \/ Yoast SEO plugin. -->","yoast_head_json":{"title":"User meetings - NicoletCZ","robots":{"index":"index","follow":"follow","max-snippet":"max-snippet:-1","max-image-preview":"max-image-preview:large","max-video-preview":"max-video-preview:-1"},"canonical":"https:\/\/nicoletcz.cz\/en\/training-and-courses\/user-meetings\/","og_locale":"en_US","og_type":"article","og_title":"User meetings - NicoletCZ","og_description":"Molecular spectroscopy 2022 Date of the seminar: due to the uncertain situation, the seminar is postponed to October 2022, it will take place in the Tree of Life Hotel in L\u00e1zn\u011b B\u011blohrad 3. &#8211; 5. on the 3rd &#8211; 5th October 2022.. The aim of this meeting is a mutual exchange of experiences in the [&hellip;]","og_url":"https:\/\/nicoletcz.cz\/en\/training-and-courses\/user-meetings\/","og_site_name":"NicoletCZ","article_modified_time":"2022-06-20T11:02:06+00:00","twitter_card":"summary_large_image","twitter_misc":{"Est. reading time":"1 minute"},"schema":{"@context":"https:\/\/schema.org","@graph":[{"@type":"WebPage","@id":"https:\/\/nicoletcz.cz\/en\/training-and-courses\/user-meetings\/","url":"https:\/\/nicoletcz.cz\/en\/training-and-courses\/user-meetings\/","name":"User meetings - NicoletCZ","isPartOf":{"@id":"https:\/\/nicoletcz.cz\/#website"},"datePublished":"2021-01-31T16:17:54+00:00","dateModified":"2022-06-20T11:02:06+00:00","breadcrumb":{"@id":"https:\/\/nicoletcz.cz\/en\/training-and-courses\/user-meetings\/#breadcrumb"},"inLanguage":"en-US","potentialAction":[{"@type":"ReadAction","target":["https:\/\/nicoletcz.cz\/en\/training-and-courses\/user-meetings\/"]}]},{"@type":"BreadcrumbList","@id":"https:\/\/nicoletcz.cz\/en\/training-and-courses\/user-meetings\/#breadcrumb","itemListElement":[{"@type":"ListItem","position":1,"name":"Dom\u016f","item":"https:\/\/nicoletcz.cz\/en\/main-page\/"},{"@type":"ListItem","position":2,"name":"Training and courses","item":"https:\/\/nicoletcz.cz\/en\/training-and-courses\/"},{"@type":"ListItem","position":3,"name":"User meetings"}]},{"@type":"WebSite","@id":"https:\/\/nicoletcz.cz\/#website","url":"https:\/\/nicoletcz.cz\/","name":"NicoletCZ","description":"Molekulov\u00e1 spektroskopie","publisher":{"@id":"https:\/\/nicoletcz.cz\/#organization"},"potentialAction":[{"@type":"SearchAction","target":{"@type":"EntryPoint","urlTemplate":"https:\/\/nicoletcz.cz\/?s={search_term_string}"},"query-input":{"@type":"PropertyValueSpecification","valueRequired":true,"valueName":"search_term_string"}}],"inLanguage":"en-US"},{"@type":"Organization","@id":"https:\/\/nicoletcz.cz\/#organization","name":"NicoletCZ","url":"https:\/\/nicoletcz.cz\/","logo":{"@type":"ImageObject","inLanguage":"en-US","@id":"https:\/\/nicoletcz.cz\/#\/schema\/logo\/image\/","url":"https:\/\/nicoletcz.cz\/app\/uploads\/2021\/01\/4b6cb9bb.svg","contentUrl":"https:\/\/nicoletcz.cz\/app\/uploads\/2021\/01\/4b6cb9bb.svg","width":180,"height":34,"caption":"NicoletCZ"},"image":{"@id":"https:\/\/nicoletcz.cz\/#\/schema\/logo\/image\/"}}]}},"acf":[],"_links":{"self":[{"href":"https:\/\/nicoletcz.cz\/en\/wp-json\/wp\/v2\/pages\/4279","targetHints":{"allow":["GET"]}}],"collection":[{"href":"https:\/\/nicoletcz.cz\/en\/wp-json\/wp\/v2\/pages"}],"about":[{"href":"https:\/\/nicoletcz.cz\/en\/wp-json\/wp\/v2\/types\/page"}],"author":[{"embeddable":true,"href":"https:\/\/nicoletcz.cz\/en\/wp-json\/wp\/v2\/users\/2"}],"replies":[{"embeddable":true,"href":"https:\/\/nicoletcz.cz\/en\/wp-json\/wp\/v2\/comments?post=4279"}],"version-history":[{"count":5,"href":"https:\/\/nicoletcz.cz\/en\/wp-json\/wp\/v2\/pages\/4279\/revisions"}],"predecessor-version":[{"id":10911,"href":"https:\/\/nicoletcz.cz\/en\/wp-json\/wp\/v2\/pages\/4279\/revisions\/10911"}],"up":[{"embeddable":true,"href":"https:\/\/nicoletcz.cz\/en\/wp-json\/wp\/v2\/pages\/4268"}],"wp:attachment":[{"href":"https:\/\/nicoletcz.cz\/en\/wp-json\/wp\/v2\/media?parent=4279"}],"curies":[{"name":"wp","href":"https:\/\/api.w.org\/{rel}","templated":true}]}}