{"id":2993,"date":"2021-01-27T13:11:50","date_gmt":"2021-01-27T13:11:50","guid":{"rendered":"https:\/\/nicoletcz.cz\/contact\/"},"modified":"2021-10-06T13:21:06","modified_gmt":"2021-10-06T13:21:06","slug":"contact","status":"publish","type":"page","link":"https:\/\/nicoletcz.cz\/en\/about-us\/contact\/","title":{"rendered":"Contact"},"content":{"rendered":"\t\t<div data-elementor-type=\"wp-page\" data-elementor-id=\"2993\" class=\"elementor elementor-2993 elementor-138\" data-elementor-post-type=\"page\">\n\t\t\t\t\t\t<section class=\"elementor-section elementor-top-section elementor-element elementor-element-bf2a936 elementor-section-boxed elementor-section-height-default elementor-section-height-default\" data-id=\"bf2a936\" data-element_type=\"section\">\n\t\t\t\t\t\t<div class=\"elementor-container elementor-column-gap-default\">\n\t\t\t\t\t<div class=\"elementor-column elementor-col-50 elementor-top-column elementor-element elementor-element-1653d19\" data-id=\"1653d19\" data-element_type=\"column\">\n\t\t\t<div class=\"elementor-widget-wrap elementor-element-populated\">\n\t\t\t\t\t\t<div class=\"elementor-element elementor-element-91ca465 elementor-widget elementor-widget-heading\" data-id=\"91ca465\" data-element_type=\"widget\" data-widget_type=\"heading.default\">\n\t\t\t\t<div class=\"elementor-widget-container\">\n\t\t\t\t\t<h2 class=\"elementor-heading-title elementor-size-default\">Headquater and billing address<\/h2>\t\t\t\t<\/div>\n\t\t\t\t<\/div>\n\t\t\t\t<div class=\"elementor-element elementor-element-9ea0843 elementor-widget elementor-widget-text-editor\" data-id=\"9ea0843\" data-element_type=\"widget\" data-widget_type=\"text-editor.default\">\n\t\t\t\t<div class=\"elementor-widget-container\">\n\t\t\t\t\t\t\t\t\t<p>Klap\u00e1lkova 2242\/9, \u010cesk\u00e1 Republika &#8211; 149 00, Praha 4<\/p>\n<p>Nicolet CZ s.r.o.<br \/>I\u010c: 26422182, DI\u010c: CZ26422182<br \/>File number 80993 C, Municipal Court in Prague<\/p>\n\t\t\t\t\t\t\t\t<\/div>\n\t\t\t\t<\/div>\n\t\t\t\t<div class=\"elementor-element elementor-element-7be6f73 elementor-widget-divider--view-line elementor-widget elementor-widget-divider\" data-id=\"7be6f73\" data-element_type=\"widget\" data-widget_type=\"divider.default\">\n\t\t\t\t<div class=\"elementor-widget-container\">\n\t\t\t\t\t\t\t<div class=\"elementor-divider\">\n\t\t\t<span class=\"elementor-divider-separator\">\n\t\t\t\t\t\t<\/span>\n\t\t<\/div>\n\t\t\t\t\t\t<\/div>\n\t\t\t\t<\/div>\n\t\t\t\t<div class=\"elementor-element elementor-element-72bfa20 elementor-widget elementor-widget-heading\" data-id=\"72bfa20\" data-element_type=\"widget\" data-widget_type=\"heading.default\">\n\t\t\t\t<div class=\"elementor-widget-container\">\n\t\t\t\t\t<h2 class=\"elementor-heading-title elementor-size-default\">Service, application and demonstration center<\/h2>\t\t\t\t<\/div>\n\t\t\t\t<\/div>\n\t\t\t\t<div class=\"elementor-element elementor-element-ab04c16 elementor-widget elementor-widget-text-editor\" data-id=\"ab04c16\" data-element_type=\"widget\" data-widget_type=\"text-editor.default\">\n\t\t\t\t<div class=\"elementor-widget-container\">\n\t\t\t\t\t\t\t\t\t<p>K\u0159elovick\u00e1 970, \u010cesk\u00e1 Republika &#8211; 104 00, Praha 10<\/p>\n\t\t\t\t\t\t\t\t<\/div>\n\t\t\t\t<\/div>\n\t\t\t\t<div class=\"elementor-element elementor-element-f5b5e0d elementor-widget elementor-widget-heading\" data-id=\"f5b5e0d\" data-element_type=\"widget\" data-widget_type=\"heading.default\">\n\t\t\t\t<div class=\"elementor-widget-container\">\n\t\t\t\t\t<h2 class=\"elementor-heading-title elementor-size-default\">Permanent application and consulting service<\/h2>\t\t\t\t<\/div>\n\t\t\t\t<\/div>\n\t\t\t\t<div class=\"elementor-element elementor-element-dbf9fc8 elementor-widget elementor-widget-text-editor\" data-id=\"dbf9fc8\" data-element_type=\"widget\" data-widget_type=\"text-editor.default\">\n\t\t\t\t<div class=\"elementor-widget-container\">\n\t\t\t\t\t\t\t\t\t<p>Monday to Friday \u2013 8:30 &#8211; 17:00<\/p>\n\t\t\t\t\t\t\t\t<\/div>\n\t\t\t\t<\/div>\n\t\t\t\t<div class=\"elementor-element elementor-element-cf14de5 elementor-icon-list--layout-inline elementor-align-left elementor-list-item-link-full_width elementor-widget elementor-widget-icon-list\" data-id=\"cf14de5\" data-element_type=\"widget\" data-widget_type=\"icon-list.default\">\n\t\t\t\t<div class=\"elementor-widget-container\">\n\t\t\t\t\t\t\t<ul class=\"elementor-icon-list-items elementor-inline-items\">\n\t\t\t\t\t\t\t<li class=\"elementor-icon-list-item elementor-inline-item\">\n\t\t\t\t\t\t\t\t\t\t\t<span class=\"elementor-icon-list-icon\">\n\t\t\t\t\t\t\t<i aria-hidden=\"true\" class=\"fas fa-phone-alt\"><\/i>\t\t\t\t\t\t<\/span>\n\t\t\t\t\t\t\t\t\t\t<span class=\"elementor-icon-list-text\">+420 272 760 432<\/span>\n\t\t\t\t\t\t\t\t\t<\/li>\n\t\t\t\t\t\t\t\t<li class=\"elementor-icon-list-item elementor-inline-item\">\n\t\t\t\t\t\t\t\t\t\t\t<span class=\"elementor-icon-list-icon\">\n\t\t\t\t\t\t\t<i aria-hidden=\"true\" class=\"fas fa-phone-alt\"><\/i>\t\t\t\t\t\t<\/span>\n\t\t\t\t\t\t\t\t\t\t<span class=\"elementor-icon-list-text\">+420 272 768 569<\/span>\n\t\t\t\t\t\t\t\t\t<\/li>\n\t\t\t\t\t\t<\/ul>\n\t\t\t\t\t\t<\/div>\n\t\t\t\t<\/div>\n\t\t\t\t<div class=\"elementor-element elementor-element-5fb238d elementor-align-left elementor-icon-list--layout-traditional elementor-list-item-link-full_width elementor-widget elementor-widget-icon-list\" data-id=\"5fb238d\" data-element_type=\"widget\" data-widget_type=\"icon-list.default\">\n\t\t\t\t<div class=\"elementor-widget-container\">\n\t\t\t\t\t\t\t<ul class=\"elementor-icon-list-items\">\n\t\t\t\t\t\t\t<li class=\"elementor-icon-list-item\">\n\t\t\t\t\t\t\t\t\t\t\t<span class=\"elementor-icon-list-icon\">\n\t\t\t\t\t\t\t<i aria-hidden=\"true\" class=\"fas fa-globe-europe\"><\/i>\t\t\t\t\t\t<\/span>\n\t\t\t\t\t\t\t\t\t\t<span class=\"elementor-icon-list-text\">info@nicoletcz.cz<\/span>\n\t\t\t\t\t\t\t\t\t<\/li>\n\t\t\t\t\t\t<\/ul>\n\t\t\t\t\t\t<\/div>\n\t\t\t\t<\/div>\n\t\t\t\t<div class=\"elementor-element elementor-element-4c0413a elementor-widget-divider--view-line elementor-widget elementor-widget-divider\" data-id=\"4c0413a\" data-element_type=\"widget\" data-widget_type=\"divider.default\">\n\t\t\t\t<div class=\"elementor-widget-container\">\n\t\t\t\t\t\t\t<div class=\"elementor-divider\">\n\t\t\t<span class=\"elementor-divider-separator\">\n\t\t\t\t\t\t<\/span>\n\t\t<\/div>\n\t\t\t\t\t\t<\/div>\n\t\t\t\t<\/div>\n\t\t\t\t<div class=\"elementor-element elementor-element-1ef1fe8 elementor-widget__width-auto elementor-widget elementor-widget-text-editor\" data-id=\"1ef1fe8\" data-element_type=\"widget\" data-widget_type=\"text-editor.default\">\n\t\t\t\t<div class=\"elementor-widget-container\">\n\t\t\t\t\t\t\t\t\t<p>Mobile phone &#8211; anytime<\/p>\n\t\t\t\t\t\t\t\t<\/div>\n\t\t\t\t<\/div>\n\t\t\t\t<section class=\"elementor-section elementor-inner-section elementor-element elementor-element-cc12e39 elementor-section-boxed elementor-section-height-default elementor-section-height-default\" data-id=\"cc12e39\" data-element_type=\"section\">\n\t\t\t\t\t\t<div class=\"elementor-container elementor-column-gap-no\">\n\t\t\t\t\t<div class=\"elementor-column elementor-col-50 elementor-inner-column elementor-element elementor-element-6bb74f1\" data-id=\"6bb74f1\" data-element_type=\"column\">\n\t\t\t<div class=\"elementor-widget-wrap elementor-element-populated\">\n\t\t\t\t\t\t<div class=\"elementor-element elementor-element-c2afa1d elementor-mobile-align-left elementor-icon-list--layout-traditional elementor-list-item-link-full_width elementor-widget elementor-widget-icon-list\" data-id=\"c2afa1d\" data-element_type=\"widget\" data-widget_type=\"icon-list.default\">\n\t\t\t\t<div class=\"elementor-widget-container\">\n\t\t\t\t\t\t\t<ul class=\"elementor-icon-list-items\">\n\t\t\t\t\t\t\t<li class=\"elementor-icon-list-item\">\n\t\t\t\t\t\t\t\t\t\t\t<span class=\"elementor-icon-list-icon\">\n\t\t\t\t\t\t\t<i aria-hidden=\"true\" class=\"fas fa-mobile-alt\"><\/i>\t\t\t\t\t\t<\/span>\n\t\t\t\t\t\t\t\t\t\t<span class=\"elementor-icon-list-text\">+420 602 325 829 (JP)<\/span>\n\t\t\t\t\t\t\t\t\t<\/li>\n\t\t\t\t\t\t\t\t<li class=\"elementor-icon-list-item\">\n\t\t\t\t\t\t\t\t\t\t\t<span class=\"elementor-icon-list-icon\">\n\t\t\t\t\t\t\t<i aria-hidden=\"true\" class=\"fas fa-mobile-alt\"><\/i>\t\t\t\t\t\t<\/span>\n\t\t\t\t\t\t\t\t\t\t<span class=\"elementor-icon-list-text\">+420 728 087 223 (MH)<\/span>\n\t\t\t\t\t\t\t\t\t<\/li>\n\t\t\t\t\t\t\t\t<li class=\"elementor-icon-list-item\">\n\t\t\t\t\t\t\t\t\t\t\t<span class=\"elementor-icon-list-icon\">\n\t\t\t\t\t\t\t<i aria-hidden=\"true\" class=\"fas fa-mobile-alt\"><\/i>\t\t\t\t\t\t<\/span>\n\t\t\t\t\t\t\t\t\t\t<span class=\"elementor-icon-list-text\">+420 603 554 788 (FK)<\/span>\n\t\t\t\t\t\t\t\t\t<\/li>\n\t\t\t\t\t\t\t\t<li class=\"elementor-icon-list-item\">\n\t\t\t\t\t\t\t\t\t\t\t<span class=\"elementor-icon-list-icon\">\n\t\t\t\t\t\t\t<i aria-hidden=\"true\" class=\"fas fa-mobile-alt\"><\/i>\t\t\t\t\t\t<\/span>\n\t\t\t\t\t\t\t\t\t\t<span class=\"elementor-icon-list-text\">+420 606 726 245 (MS)<\/span>\n\t\t\t\t\t\t\t\t\t<\/li>\n\t\t\t\t\t\t<\/ul>\n\t\t\t\t\t\t<\/div>\n\t\t\t\t<\/div>\n\t\t\t\t\t<\/div>\n\t\t<\/div>\n\t\t\t\t<div class=\"elementor-column elementor-col-50 elementor-inner-column elementor-element elementor-element-2aa9b8c\" data-id=\"2aa9b8c\" data-element_type=\"column\">\n\t\t\t<div class=\"elementor-widget-wrap elementor-element-populated\">\n\t\t\t\t\t\t<div class=\"elementor-element elementor-element-bbe1724 elementor-align-left elementor-mobile-align-left elementor-icon-list--layout-traditional elementor-list-item-link-full_width elementor-widget elementor-widget-icon-list\" data-id=\"bbe1724\" data-element_type=\"widget\" data-widget_type=\"icon-list.default\">\n\t\t\t\t<div class=\"elementor-widget-container\">\n\t\t\t\t\t\t\t<ul class=\"elementor-icon-list-items\">\n\t\t\t\t\t\t\t<li class=\"elementor-icon-list-item\">\n\t\t\t\t\t\t\t\t\t\t\t<span class=\"elementor-icon-list-icon\">\n\t\t\t\t\t\t\t<i aria-hidden=\"true\" class=\"fas fa-mobile-alt\"><\/i>\t\t\t\t\t\t<\/span>\n\t\t\t\t\t\t\t\t\t\t<span class=\"elementor-icon-list-text\">+420 605 825 817 (K\u0160)<\/span>\n\t\t\t\t\t\t\t\t\t<\/li>\n\t\t\t\t\t\t\t\t<li class=\"elementor-icon-list-item\">\n\t\t\t\t\t\t\t\t\t\t\t<span class=\"elementor-icon-list-icon\">\n\t\t\t\t\t\t\t<i aria-hidden=\"true\" class=\"fas fa-mobile-alt\"><\/i>\t\t\t\t\t\t<\/span>\n\t\t\t\t\t\t\t\t\t\t<span class=\"elementor-icon-list-text\">+420 603 725 812 (LT)<\/span>\n\t\t\t\t\t\t\t\t\t<\/li>\n\t\t\t\t\t\t\t\t<li class=\"elementor-icon-list-item\">\n\t\t\t\t\t\t\t\t\t\t\t<span class=\"elementor-icon-list-icon\">\n\t\t\t\t\t\t\t<i aria-hidden=\"true\" class=\"fas fa-mobile-alt\"><\/i>\t\t\t\t\t\t<\/span>\n\t\t\t\t\t\t\t\t\t\t<span class=\"elementor-icon-list-text\">+420 775 749 807 (LV)<\/span>\n\t\t\t\t\t\t\t\t\t<\/li>\n\t\t\t\t\t\t<\/ul>\n\t\t\t\t\t\t<\/div>\n\t\t\t\t<\/div>\n\t\t\t\t\t<\/div>\n\t\t<\/div>\n\t\t\t\t\t<\/div>\n\t\t<\/section>\n\t\t\t\t\t<\/div>\n\t\t<\/div>\n\t\t\t\t<div class=\"elementor-column elementor-col-50 elementor-top-column elementor-element elementor-element-ae9f6f8\" data-id=\"ae9f6f8\" data-element_type=\"column\">\n\t\t\t<div class=\"elementor-widget-wrap elementor-element-populated\">\n\t\t\t\t\t\t<div class=\"elementor-element elementor-element-941ceb3 elementor-widget elementor-widget-heading\" data-id=\"941ceb3\" data-element_type=\"widget\" data-widget_type=\"heading.default\">\n\t\t\t\t<div class=\"elementor-widget-container\">\n\t\t\t\t\t<h2 class=\"elementor-heading-title elementor-size-default\">Service, application and demonstration center<\/h2>\t\t\t\t<\/div>\n\t\t\t\t<\/div>\n\t\t\t\t<div class=\"elementor-element elementor-element-ee42302 elementor-widget elementor-widget-google_maps\" data-id=\"ee42302\" data-element_type=\"widget\" data-widget_type=\"google_maps.default\">\n\t\t\t\t<div class=\"elementor-widget-container\">\n\t\t\t\t\t\t\t<div class=\"elementor-custom-embed\">\n\t\t\t<iframe loading=\"lazy\"\n\t\t\t\t\tsrc=\"https:\/\/maps.google.com\/maps?q=K%C5%99elovick%C3%A1%20970&#038;t=m&#038;z=15&#038;output=embed&#038;iwloc=near\"\n\t\t\t\t\ttitle=\"K\u0159elovick\u00e1 970\"\n\t\t\t\t\taria-label=\"K\u0159elovick\u00e1 970\"\n\t\t\t><\/iframe>\n\t\t<\/div>\n\t\t\t\t\t\t<\/div>\n\t\t\t\t<\/div>\n\t\t\t\t\t<\/div>\n\t\t<\/div>\n\t\t\t\t\t<\/div>\n\t\t<\/section>\n\t\t\t\t<\/div>\n\t\t","protected":false},"excerpt":{"rendered":"<p>Headquater and billing address Klap\u00e1lkova 2242\/9, \u010cesk\u00e1 Republika &#8211; 149 00, Praha 4 Nicolet CZ s.r.o.I\u010c: 26422182, DI\u010c: CZ26422182File number 80993 C, Municipal Court in Prague Service, application and demonstration center K\u0159elovick\u00e1 970, \u010cesk\u00e1 Republika &#8211; 104 00, Praha 10 Permanent application and consulting service Monday to Friday \u2013 8:30 &#8211; 17:00 +420 272 760 [&hellip;]<\/p>\n","protected":false},"author":2,"featured_media":0,"parent":3135,"menu_order":0,"comment_status":"closed","ping_status":"closed","template":"","meta":{"footnotes":""},"class_list":["post-2993","page","type-page","status-publish","hentry"],"yoast_head":"<!-- This site is optimized with the Yoast SEO plugin v26.8 - https:\/\/yoast.com\/product\/yoast-seo-wordpress\/ -->\n<title>Contact - NicoletCZ<\/title>\n<meta name=\"robots\" content=\"index, follow, max-snippet:-1, max-image-preview:large, max-video-preview:-1\" \/>\n<link rel=\"canonical\" href=\"https:\/\/nicoletcz.cz\/en\/about-us\/contact\/\" \/>\n<meta property=\"og:locale\" content=\"en_US\" \/>\n<meta property=\"og:type\" content=\"article\" \/>\n<meta property=\"og:title\" content=\"Contact - NicoletCZ\" \/>\n<meta property=\"og:description\" content=\"Headquater and billing address Klap\u00e1lkova 2242\/9, \u010cesk\u00e1 Republika &#8211; 149 00, Praha 4 Nicolet CZ s.r.o.I\u010c: 26422182, DI\u010c: CZ26422182File number 80993 C, Municipal Court in Prague Service, application and demonstration center K\u0159elovick\u00e1 970, \u010cesk\u00e1 Republika &#8211; 104 00, Praha 10 Permanent application and consulting service Monday to Friday \u2013 8:30 &#8211; 17:00 +420 272 760 [&hellip;]\" \/>\n<meta property=\"og:url\" content=\"https:\/\/nicoletcz.cz\/en\/about-us\/contact\/\" \/>\n<meta property=\"og:site_name\" content=\"NicoletCZ\" \/>\n<meta property=\"article:modified_time\" content=\"2021-10-06T13:21:06+00:00\" \/>\n<meta name=\"twitter:card\" content=\"summary_large_image\" \/>\n<script type=\"application\/ld+json\" class=\"yoast-schema-graph\">{\"@context\":\"https:\/\/schema.org\",\"@graph\":[{\"@type\":\"WebPage\",\"@id\":\"https:\/\/nicoletcz.cz\/en\/about-us\/contact\/\",\"url\":\"https:\/\/nicoletcz.cz\/en\/about-us\/contact\/\",\"name\":\"Contact - NicoletCZ\",\"isPartOf\":{\"@id\":\"https:\/\/nicoletcz.cz\/#website\"},\"datePublished\":\"2021-01-27T13:11:50+00:00\",\"dateModified\":\"2021-10-06T13:21:06+00:00\",\"breadcrumb\":{\"@id\":\"https:\/\/nicoletcz.cz\/en\/about-us\/contact\/#breadcrumb\"},\"inLanguage\":\"en-US\",\"potentialAction\":[{\"@type\":\"ReadAction\",\"target\":[\"https:\/\/nicoletcz.cz\/en\/about-us\/contact\/\"]}]},{\"@type\":\"BreadcrumbList\",\"@id\":\"https:\/\/nicoletcz.cz\/en\/about-us\/contact\/#breadcrumb\",\"itemListElement\":[{\"@type\":\"ListItem\",\"position\":1,\"name\":\"Dom\u016f\",\"item\":\"https:\/\/nicoletcz.cz\/en\/main-page\/\"},{\"@type\":\"ListItem\",\"position\":2,\"name\":\"About us\",\"item\":\"https:\/\/nicoletcz.cz\/en\/about-us\/\"},{\"@type\":\"ListItem\",\"position\":3,\"name\":\"Contact\"}]},{\"@type\":\"WebSite\",\"@id\":\"https:\/\/nicoletcz.cz\/#website\",\"url\":\"https:\/\/nicoletcz.cz\/\",\"name\":\"NicoletCZ\",\"description\":\"Molekulov\u00e1 spektroskopie\",\"publisher\":{\"@id\":\"https:\/\/nicoletcz.cz\/#organization\"},\"potentialAction\":[{\"@type\":\"SearchAction\",\"target\":{\"@type\":\"EntryPoint\",\"urlTemplate\":\"https:\/\/nicoletcz.cz\/?s={search_term_string}\"},\"query-input\":{\"@type\":\"PropertyValueSpecification\",\"valueRequired\":true,\"valueName\":\"search_term_string\"}}],\"inLanguage\":\"en-US\"},{\"@type\":\"Organization\",\"@id\":\"https:\/\/nicoletcz.cz\/#organization\",\"name\":\"NicoletCZ\",\"url\":\"https:\/\/nicoletcz.cz\/\",\"logo\":{\"@type\":\"ImageObject\",\"inLanguage\":\"en-US\",\"@id\":\"https:\/\/nicoletcz.cz\/#\/schema\/logo\/image\/\",\"url\":\"https:\/\/nicoletcz.cz\/app\/uploads\/2021\/01\/4b6cb9bb.svg\",\"contentUrl\":\"https:\/\/nicoletcz.cz\/app\/uploads\/2021\/01\/4b6cb9bb.svg\",\"width\":180,\"height\":34,\"caption\":\"NicoletCZ\"},\"image\":{\"@id\":\"https:\/\/nicoletcz.cz\/#\/schema\/logo\/image\/\"}}]}<\/script>\n<!-- \/ Yoast SEO plugin. -->","yoast_head_json":{"title":"Contact - NicoletCZ","robots":{"index":"index","follow":"follow","max-snippet":"max-snippet:-1","max-image-preview":"max-image-preview:large","max-video-preview":"max-video-preview:-1"},"canonical":"https:\/\/nicoletcz.cz\/en\/about-us\/contact\/","og_locale":"en_US","og_type":"article","og_title":"Contact - NicoletCZ","og_description":"Headquater and billing address Klap\u00e1lkova 2242\/9, \u010cesk\u00e1 Republika &#8211; 149 00, Praha 4 Nicolet CZ s.r.o.I\u010c: 26422182, DI\u010c: CZ26422182File number 80993 C, Municipal Court in Prague Service, application and demonstration center K\u0159elovick\u00e1 970, \u010cesk\u00e1 Republika &#8211; 104 00, Praha 10 Permanent application and consulting service Monday to Friday \u2013 8:30 &#8211; 17:00 +420 272 760 [&hellip;]","og_url":"https:\/\/nicoletcz.cz\/en\/about-us\/contact\/","og_site_name":"NicoletCZ","article_modified_time":"2021-10-06T13:21:06+00:00","twitter_card":"summary_large_image","schema":{"@context":"https:\/\/schema.org","@graph":[{"@type":"WebPage","@id":"https:\/\/nicoletcz.cz\/en\/about-us\/contact\/","url":"https:\/\/nicoletcz.cz\/en\/about-us\/contact\/","name":"Contact - NicoletCZ","isPartOf":{"@id":"https:\/\/nicoletcz.cz\/#website"},"datePublished":"2021-01-27T13:11:50+00:00","dateModified":"2021-10-06T13:21:06+00:00","breadcrumb":{"@id":"https:\/\/nicoletcz.cz\/en\/about-us\/contact\/#breadcrumb"},"inLanguage":"en-US","potentialAction":[{"@type":"ReadAction","target":["https:\/\/nicoletcz.cz\/en\/about-us\/contact\/"]}]},{"@type":"BreadcrumbList","@id":"https:\/\/nicoletcz.cz\/en\/about-us\/contact\/#breadcrumb","itemListElement":[{"@type":"ListItem","position":1,"name":"Dom\u016f","item":"https:\/\/nicoletcz.cz\/en\/main-page\/"},{"@type":"ListItem","position":2,"name":"About us","item":"https:\/\/nicoletcz.cz\/en\/about-us\/"},{"@type":"ListItem","position":3,"name":"Contact"}]},{"@type":"WebSite","@id":"https:\/\/nicoletcz.cz\/#website","url":"https:\/\/nicoletcz.cz\/","name":"NicoletCZ","description":"Molekulov\u00e1 spektroskopie","publisher":{"@id":"https:\/\/nicoletcz.cz\/#organization"},"potentialAction":[{"@type":"SearchAction","target":{"@type":"EntryPoint","urlTemplate":"https:\/\/nicoletcz.cz\/?s={search_term_string}"},"query-input":{"@type":"PropertyValueSpecification","valueRequired":true,"valueName":"search_term_string"}}],"inLanguage":"en-US"},{"@type":"Organization","@id":"https:\/\/nicoletcz.cz\/#organization","name":"NicoletCZ","url":"https:\/\/nicoletcz.cz\/","logo":{"@type":"ImageObject","inLanguage":"en-US","@id":"https:\/\/nicoletcz.cz\/#\/schema\/logo\/image\/","url":"https:\/\/nicoletcz.cz\/app\/uploads\/2021\/01\/4b6cb9bb.svg","contentUrl":"https:\/\/nicoletcz.cz\/app\/uploads\/2021\/01\/4b6cb9bb.svg","width":180,"height":34,"caption":"NicoletCZ"},"image":{"@id":"https:\/\/nicoletcz.cz\/#\/schema\/logo\/image\/"}}]}},"acf":[],"_links":{"self":[{"href":"https:\/\/nicoletcz.cz\/en\/wp-json\/wp\/v2\/pages\/2993","targetHints":{"allow":["GET"]}}],"collection":[{"href":"https:\/\/nicoletcz.cz\/en\/wp-json\/wp\/v2\/pages"}],"about":[{"href":"https:\/\/nicoletcz.cz\/en\/wp-json\/wp\/v2\/types\/page"}],"author":[{"embeddable":true,"href":"https:\/\/nicoletcz.cz\/en\/wp-json\/wp\/v2\/users\/2"}],"replies":[{"embeddable":true,"href":"https:\/\/nicoletcz.cz\/en\/wp-json\/wp\/v2\/comments?post=2993"}],"version-history":[{"count":5,"href":"https:\/\/nicoletcz.cz\/en\/wp-json\/wp\/v2\/pages\/2993\/revisions"}],"predecessor-version":[{"id":9358,"href":"https:\/\/nicoletcz.cz\/en\/wp-json\/wp\/v2\/pages\/2993\/revisions\/9358"}],"up":[{"embeddable":true,"href":"https:\/\/nicoletcz.cz\/en\/wp-json\/wp\/v2\/pages\/3135"}],"wp:attachment":[{"href":"https:\/\/nicoletcz.cz\/en\/wp-json\/wp\/v2\/media?parent=2993"}],"curies":[{"name":"wp","href":"https:\/\/api.w.org\/{rel}","templated":true}]}}